{"id":763,"date":"2020-07-02T16:23:49","date_gmt":"2020-07-02T16:23:49","guid":{"rendered":"https:\/\/ibac.com\/?page_id=763"},"modified":"2026-01-21T06:44:24","modified_gmt":"2026-01-21T06:44:24","slug":"thank-you","status":"publish","type":"page","link":"https:\/\/ibac.com\/es\/thank-you\/","title":{"rendered":"Gracias"},"content":{"rendered":"<p><img decoding=\"async\" src=\"wp-content\/uploads\/check-mark.png\" alt=\"\"><\/p>\n<h1>Thank You<\/h1>\n<div>\n<p style=\"text-align: left;\">Your submission has been received.<\/p>\n<\/div>\n<p><!-- {\"type\":\"layout\",\"children\":[{\"type\":\"section\",\"props\":{\"style\":\"default\",\"width\":\"default\",\"vertical_align\":\"middle\",\"title_position\":\"top-left\",\"title_rotation\":\"left\",\"title_breakpoint\":\"xl\",\"image_position\":\"center-center\",\"text_color\":\"\",\"width_expand\":\"\",\"height\":\"\",\"padding\":\"\",\"header_transparent\":\"\",\"animation\":\"\"},\"children\":[{\"type\":\"row\",\"props\":{\"layout\":\"1-1\",\"breakpoint\":\"m\",\"fixed_width\":\"large\",\"column_gap\":\"\",\"row_gap\":\"\",\"width\":\"\",\"width_expand\":\"\",\"height\":\"\",\"margin\":\"\"},\"children\":[{\"type\":\"column\",\"props\":{\"image_position\":\"center-center\",\"media_overlay_gradient\":\"\",\"vertical_align\":\"\",\"style\":\"\",\"text_color\":\"\",\"padding\":\"\"},\"children\":[{\"type\":\"image\",\"props\":{\"margin\":\"default\",\"image_svg_color\":\"emphasis\",\"link_target\":\"\",\"image_border\":\"\",\"image_box_shadow\":\"\",\"image_hover_box_shadow\":\"\",\"image_box_decoration\":\"\",\"position\":\"relative\",\"position_z_index\":\"\",\"maxwidth\":\"\",\"maxwidth_breakpoint\":\"\",\"block_align\":\"\",\"block_align_breakpoint\":\"\",\"block_align_fallback\":\"\",\"text_align\":\"\",\"text_align_breakpoint\":\"\",\"text_align_fallback\":\"\",\"animation\":\"\",\"visibility\":\"\",\"image\":\"wp-content\\\/uploads\\\/check-mark.png\",\"image_width\":\"135\",\"image_height\":\"135\",\"position_left\":\"360\"}},{\"type\":\"headline\",\"props\":{\"title_element\":\"h1\",\"title_style\":\"\",\"title_decoration\":\"\",\"title_color\":\"\",\"text_align\":\"\",\"text_align_breakpoint\":\"\",\"text_align_fallback\":\"\",\"maxwidth\":\"\",\"maxwidth_breakpoint\":\"\",\"margin\":\"\",\"animation\":\"\",\"visibility\":\"\",\"content\":\"Thank You\",\"block_align\":\"\",\"title_font_family\":\"\",\"position\":\"relative\",\"position_z_index\":\"\",\"block_align_breakpoint\":\"\",\"block_align_fallback\":\"\",\"position_left\":\"320\"}},{\"type\":\"text\",\"props\":{\"margin\":\"default\",\"column_breakpoint\":\"m\",\"text_style\":\"\",\"text_color\":\"\",\"text_size\":\"\",\"column\":\"\",\"text_align\":\"\",\"text_align_breakpoint\":\"\",\"text_align_fallback\":\"\",\"maxwidth\":\"\",\"maxwidth_breakpoint\":\"\",\"animation\":\"\",\"visibility\":\"\",\"content\":\"\n\n<p style=\\\"text-align: left;\\\">Your submission has been received.<\\\/p>\",\"block_align\":\"\",\"position\":\"relative\",\"position_z_index\":\"\",\"block_align_breakpoint\":\"\",\"block_align_fallback\":\"\",\"position_left\":\"300\"}}]}]}]}],\"version\":\"1.22.8\",\"props\":[]} --><\/p>\n","protected":false},"excerpt":{"rendered":"<p>Gracias, tu pedido ha sido recibido.<\/p>","protected":false},"author":2,"featured_media":442,"parent":0,"menu_order":0,"comment_status":"closed","ping_status":"closed","template":"","meta":{"footnotes":""},"class_list":["post-763","page","type-page","status-publish","has-post-thumbnail","hentry"],"yoast_head":"<!-- This site is optimized with the Yoast SEO plugin v27.4 - https:\/\/yoast.com\/product\/yoast-seo-wordpress\/ -->\n<title>Thank You | Confirmation Received by iBac<\/title>\n<meta name=\"description\" content=\"Act now! Confirmation Received by iBac. Your submission is successfully recorded.\" \/>\n<meta name=\"robots\" content=\"index, follow, max-snippet:-1, max-image-preview:large, max-video-preview:-1\" \/>\n<link rel=\"canonical\" href=\"https:\/\/ibac.com\/es\/wp-json\/wp\/v2\/pages\/763\" \/>\n<meta property=\"og:locale\" content=\"es_MX\" \/>\n<meta property=\"og:type\" content=\"article\" \/>\n<meta property=\"og:title\" content=\"Your Submission Success - iBac\" \/>\n<meta property=\"og:description\" content=\"Thank you for submitting! Your submission has been received. Stay tuned for updates. Act now and explore more!\" \/>\n<meta property=\"og:url\" content=\"https:\/\/ibac.com\/es\/thank-you\/\" \/>\n<meta property=\"og:site_name\" content=\"iBac\" \/>\n<meta property=\"article:publisher\" content=\"https:\/\/www.facebook.com\/ibacamerica\" \/>\n<meta property=\"article:modified_time\" content=\"2026-01-21T06:44:24+00:00\" \/>\n<meta property=\"og:image\" content=\"https:\/\/ibac.com\/wp-content\/uploads\/ibacware.svg\" \/>\n<meta name=\"twitter:card\" content=\"summary_large_image\" \/>\n<meta name=\"twitter:title\" content=\"Your Submission Success - iBac\" \/>\n<meta name=\"twitter:description\" content=\"Thank you for submitting! Your submission has been received. Stay tuned for updates. Act now and explore more!\" \/>\n<meta name=\"twitter:image\" content=\"https:\/\/ibac.com\/wp-content\/uploads\/ibacware.svg\" \/>\n<meta name=\"twitter:site\" content=\"@iBACUSA\" \/>\n<!-- \/ Yoast SEO plugin. -->","yoast_head_json":{"title":"Gracias | Confirmaci\u00f3n recibida por iBac","description":"\u00a1Act\u00fae ahora! iBac ha recibido la confirmaci\u00f3n. Su env\u00edo se ha registrado correctamente.","robots":{"index":"index","follow":"follow","max-snippet":"max-snippet:-1","max-image-preview":"max-image-preview:large","max-video-preview":"max-video-preview:-1"},"canonical":"https:\/\/ibac.com\/es\/wp-json\/wp\/v2\/pages\/763","og_locale":"es_MX","og_type":"article","og_title":"Your Submission Success - iBac","og_description":"Thank you for submitting! Your submission has been received. Stay tuned for updates. Act now and explore more!","og_url":"https:\/\/ibac.com\/es\/thank-you\/","og_site_name":"iBac","article_publisher":"https:\/\/www.facebook.com\/ibacamerica","article_modified_time":"2026-01-21T06:44:24+00:00","og_image":[{"url":"https:\/\/ibac.com\/wp-content\/uploads\/ibacware.svg","type":"","width":"","height":""}],"twitter_card":"summary_large_image","twitter_title":"Your Submission Success - iBac","twitter_description":"Thank you for submitting! Your submission has been received. Stay tuned for updates. Act now and explore more!","twitter_image":"https:\/\/ibac.com\/wp-content\/uploads\/ibacware.svg","twitter_site":"@iBACUSA","schema":{"@context":"https:\/\/schema.org","@graph":[{"@type":"WebPage","@id":"https:\/\/ibac.com\/thank-you\/","url":"https:\/\/ibac.com\/thank-you\/","name":"Gracias | Confirmaci\u00f3n recibida por iBac","isPartOf":{"@id":"https:\/\/ime.8b0.myftpupload.com\/#website"},"primaryImageOfPage":{"@id":"https:\/\/ibac.com\/thank-you\/#primaryimage"},"image":{"@id":"https:\/\/ibac.com\/thank-you\/#primaryimage"},"thumbnailUrl":"https:\/\/ibac.com\/wp-content\/uploads\/ibacware.svg","datePublished":"2020-07-02T16:23:49+00:00","dateModified":"2026-01-21T06:44:24+00:00","description":"\u00a1Act\u00fae ahora! iBac ha recibido la confirmaci\u00f3n. Su env\u00edo se ha registrado correctamente.","breadcrumb":{"@id":"https:\/\/ibac.com\/thank-you\/#breadcrumb"},"inLanguage":"es","potentialAction":[{"@type":"ReadAction","target":["https:\/\/ibac.com\/thank-you\/"]}]},{"@type":"ImageObject","inLanguage":"es","@id":"https:\/\/ibac.com\/thank-you\/#primaryimage","url":"https:\/\/ibac.com\/wp-content\/uploads\/ibacware.svg","contentUrl":"https:\/\/ibac.com\/wp-content\/uploads\/ibacware.svg","caption":"iBac Functionalities - Breathalyzer, Monitor alcohol consumption"},{"@type":"BreadcrumbList","@id":"https:\/\/ibac.com\/thank-you\/#breadcrumb","itemListElement":[{"@type":"ListItem","position":1,"name":"Home","item":"https:\/\/ibac.com\/"},{"@type":"ListItem","position":2,"name":"Thank You"}]},{"@type":"WebSite","@id":"https:\/\/ime.8b0.myftpupload.com\/#website","url":"https:\/\/ime.8b0.myftpupload.com\/","name":"iBac","description":"Dispositivo de control de alcohol asequible, discreto y preciso","publisher":{"@id":"https:\/\/ime.8b0.myftpupload.com\/#organization"},"potentialAction":[{"@type":"SearchAction","target":{"@type":"EntryPoint","urlTemplate":"https:\/\/ime.8b0.myftpupload.com\/?s={search_term_string}"},"query-input":{"@type":"PropertyValueSpecification","valueRequired":true,"valueName":"search_term_string"}}],"inLanguage":"es"},{"@type":"Organization","@id":"https:\/\/ime.8b0.myftpupload.com\/#organization","name":"iBac","url":"https:\/\/ime.8b0.myftpupload.com\/","logo":{"@type":"ImageObject","inLanguage":"es","@id":"https:\/\/ime.8b0.myftpupload.com\/#\/schema\/logo\/image\/","url":"https:\/\/ibac.com\/wp-content\/uploads\/Logo.png","contentUrl":"https:\/\/ibac.com\/wp-content\/uploads\/Logo.png","width":582,"height":205,"caption":"iBac"},"image":{"@id":"https:\/\/ime.8b0.myftpupload.com\/#\/schema\/logo\/image\/"},"sameAs":["https:\/\/www.facebook.com\/ibacamerica","https:\/\/x.com\/iBACUSA"]}]}},"jetpack_sharing_enabled":true,"_links":{"self":[{"href":"https:\/\/ibac.com\/es\/wp-json\/wp\/v2\/pages\/763","targetHints":{"allow":["GET"]}}],"collection":[{"href":"https:\/\/ibac.com\/es\/wp-json\/wp\/v2\/pages"}],"about":[{"href":"https:\/\/ibac.com\/es\/wp-json\/wp\/v2\/types\/page"}],"author":[{"embeddable":true,"href":"https:\/\/ibac.com\/es\/wp-json\/wp\/v2\/users\/2"}],"replies":[{"embeddable":true,"href":"https:\/\/ibac.com\/es\/wp-json\/wp\/v2\/comments?post=763"}],"version-history":[{"count":1,"href":"https:\/\/ibac.com\/es\/wp-json\/wp\/v2\/pages\/763\/revisions"}],"predecessor-version":[{"id":1271,"href":"https:\/\/ibac.com\/es\/wp-json\/wp\/v2\/pages\/763\/revisions\/1271"}],"wp:featuredmedia":[{"embeddable":true,"href":"https:\/\/ibac.com\/es\/wp-json\/wp\/v2\/media\/442"}],"wp:attachment":[{"href":"https:\/\/ibac.com\/es\/wp-json\/wp\/v2\/media?parent=763"}],"curies":[{"name":"gracias","href":"https:\/\/api.w.org\/{rel}","templated":true}]}}